{"id":82,"date":"2021-10-25T15:04:43","date_gmt":"2021-10-25T12:04:43","guid":{"rendered":"https:\/\/migrate.luottoposti.fi\/?page_id=82"},"modified":"2025-10-14T13:53:09","modified_gmt":"2025-10-14T10:53:09","slug":"yrityksemme","status":"publish","type":"page","link":"https:\/\/www.luottoposti.fi\/sv\/yrityksemme\/","title":{"rendered":"Yrityksemme"},"content":{"rendered":"<p>[et_pb_section fb_built=&#8221;1&#8243; admin_label=&#8221;Header&#8221; _builder_version=&#8221;4.24.3&#8243; _module_preset=&#8221;default&#8221; use_background_color_gradient=&#8221;on&#8221; background_color_gradient_direction=&#8221;90deg&#8221; background_color_gradient_stops=&#8221;rgba(255,255,255,0.52) 3%|rgba(0,0,0,0.2) 45%&#8221; background_color_gradient_overlays_image=&#8221;on&#8221; background_image=&#8221;https:\/\/migrate.luottoposti.fi\/wp-content\/uploads\/2024\/04\/side-view-cropped-unrecognizable-business-people-working-common-desk.jpg&#8221; custom_padding=&#8221;89px||8px|||&#8221; locked=&#8221;off&#8221; collapsed=&#8221;on&#8221; global_colors_info=&#8221;{}&#8221;][et_pb_row _builder_version=&#8221;4.24.2&#8243; _module_preset=&#8221;default&#8221; custom_padding=&#8221;1px||7px|||&#8221; global_colors_info=&#8221;{}&#8221;][et_pb_column type=&#8221;4_4&#8243; _builder_version=&#8221;4.24.2&#8243; _module_preset=&#8221;default&#8221; custom_padding=&#8221;||0px||false|false&#8221; global_colors_info=&#8221;{}&#8221;][et_pb_text _builder_version=&#8221;4.24.3&#8243; _module_preset=&#8221;841afe49-6367-4bad-a857-ce0d1dbf4b0f&#8221; header_font=&#8221;Noto Serif|700|||||||&#8221; header_text_align=&#8221;center&#8221; header_text_color=&#8221;#FFFFFF&#8221; header_2_font=&#8221;Noto Serif|700|||||||&#8221; header_text_shadow_style=&#8221;preset3&#8243; header_text_shadow_color=&#8221;rgba(84,84,84,0.4)&#8221; global_colors_info=&#8221;{}&#8221;]<\/p>\n<h1>Yrityksemme<\/h1>\n<p>[\/et_pb_text][\/et_pb_column][\/et_pb_row][et_pb_row column_structure=&#8221;1_2,1_2&#8243; use_custom_gutter=&#8221;on&#8221; make_equal=&#8221;on&#8221; _builder_version=&#8221;4.24.2&#8243; _module_preset=&#8221;default&#8221; custom_margin=&#8221;|auto|31px|auto||&#8221; custom_padding=&#8221;||||false|false&#8221; global_colors_info=&#8221;{}&#8221; gutter_width__hover_enabled=&#8221;off|desktop&#8221;][et_pb_column type=&#8221;1_2&#8243; _builder_version=&#8221;4.24.2&#8243; _module_preset=&#8221;default&#8221; custom_padding=&#8221;0px||0px||false|false&#8221; global_colors_info=&#8221;{}&#8221;][\/et_pb_column][et_pb_column type=&#8221;1_2&#8243; _builder_version=&#8221;4.22.0&#8243; _module_preset=&#8221;default&#8221; custom_padding=&#8221;0px||0px||false|false&#8221; global_colors_info=&#8221;{}&#8221;][\/et_pb_column][\/et_pb_row][\/et_pb_section][et_pb_section fb_built=&#8221;1&#8243; admin_label=&#8221;Contact Info&#8221; _builder_version=&#8221;4.24.3&#8243; background_color=&#8221;RGBA(255,255,255,0)&#8221; custom_padding=&#8221;||19px|||&#8221; locked=&#8221;off&#8221; global_colors_info=&#8221;{}&#8221;][et_pb_row _builder_version=&#8221;4.22.0&#8243; _module_preset=&#8221;default&#8221; locked=&#8221;off&#8221; global_colors_info=&#8221;{}&#8221;][et_pb_column type=&#8221;4_4&#8243; _builder_version=&#8221;4.22.0&#8243; _module_preset=&#8221;default&#8221; global_colors_info=&#8221;{}&#8221;][et_pb_text _builder_version=&#8221;4.27.4&#8243; _module_preset=&#8221;a3d3f6b0-879a-4092-b082-00222320dd16&#8243; header_font=&#8221;|700|||||||&#8221; header_2_font=&#8221;Noto Serif|700|||||||&#8221; header_2_text_color=&#8221;#000000&#8243; header_2_font_size=&#8221;45px&#8221; text_orientation=&#8221;center&#8221; global_colors_info=&#8221;{}&#8221;]<\/p>\n<h2><span><strong>TK Talous Oy<\/strong><\/span><\/h2>\n<p>[\/et_pb_text][\/et_pb_column][\/et_pb_row][et_pb_row _builder_version=&#8221;4.22.0&#8243; _module_preset=&#8221;default&#8221; custom_margin=&#8221;16px|auto||auto||&#8221; locked=&#8221;off&#8221; global_colors_info=&#8221;{}&#8221;][et_pb_column type=&#8221;4_4&#8243; _builder_version=&#8221;4.22.0&#8243; _module_preset=&#8221;default&#8221; global_colors_info=&#8221;{}&#8221;][et_pb_text _builder_version=&#8221;4.27.4&#8243; _module_preset=&#8221;468d42e8-4b36-4ce3-9bf5-f06a7f5ed26f&#8221; text_font=&#8221;Noto Sans|300|||||||&#8221; locked=&#8221;off&#8221; global_colors_info=&#8221;{}&#8221;]<\/p>\n<p>TK Talous Oy on suomalainen tietotekniikka-alalla toimiva yritys. Teemme integraatioita, koodattuja alustoja ja verkkokauppoja. Tarjoamme Suomalaisen j\u00e4rjestelm\u00e4n, josta voit l\u00e4hett\u00e4\u00e4 salatun s\u00e4hk\u00f6postin ja liitteet edullisesti, helposti ja turvallisesti. Luottopostin palvelumme on k\u00e4ytett\u00e4viss\u00e4 24\/7.<\/p>\n<p>[\/et_pb_text][\/et_pb_column][\/et_pb_row][\/et_pb_section][et_pb_section fb_built=&#8221;1&#8243; admin_label=&#8221;Contact Info&#8221; _builder_version=&#8221;4.24.3&#8243; background_color=&#8221;RGBA(255,255,255,0)&#8221; custom_padding=&#8221;26px|||||&#8221; locked=&#8221;off&#8221; global_colors_info=&#8221;{}&#8221;][et_pb_row _builder_version=&#8221;4.22.0&#8243; _module_preset=&#8221;default&#8221; custom_margin=&#8221;21px|auto||auto||&#8221; locked=&#8221;off&#8221; global_colors_info=&#8221;{}&#8221;][et_pb_column type=&#8221;4_4&#8243; _builder_version=&#8221;4.22.0&#8243; _module_preset=&#8221;default&#8221; global_colors_info=&#8221;{}&#8221;][et_pb_text _builder_version=&#8221;4.24.3&#8243; _module_preset=&#8221;a3d3f6b0-879a-4092-b082-00222320dd16&#8243; header_font=&#8221;|700|||||||&#8221; header_2_font=&#8221;Noto Serif|700|||||||&#8221; header_2_text_color=&#8221;#000000&#8243; header_2_font_size=&#8221;45px&#8221; text_orientation=&#8221;center&#8221; global_colors_info=&#8221;{}&#8221;]<\/p>\n<h2><span><strong>Luottoposti<\/strong><\/span><\/h2>\n<p>[\/et_pb_text][\/et_pb_column][\/et_pb_row][et_pb_row _builder_version=&#8221;4.22.0&#8243; _module_preset=&#8221;default&#8221; custom_margin=&#8221;16px|auto||auto||&#8221; locked=&#8221;off&#8221; global_colors_info=&#8221;{}&#8221;][et_pb_column type=&#8221;4_4&#8243; _builder_version=&#8221;4.22.0&#8243; _module_preset=&#8221;default&#8221; global_colors_info=&#8221;{}&#8221;][et_pb_text _builder_version=&#8221;4.27.4&#8243; _module_preset=&#8221;468d42e8-4b36-4ce3-9bf5-f06a7f5ed26f&#8221; text_font=&#8221;Noto Sans|300|||||||&#8221; locked=&#8221;off&#8221; global_colors_info=&#8221;{}&#8221;]<\/p>\n<p><span>Luottoposti on salattu ja turvallinen tapa l\u00e4hett\u00e4\u00e4 salassa pidett\u00e4vi\u00e4 tietoja, kuten henkil\u00f6tietoja, sopimuksia tai muuten luottamuksellisia asiakirjoja.<\/span><\/p>\n<p><span>Luottoposti syntyi tarpeesta tehd\u00e4 jokap\u00e4iv\u00e4isist\u00e4 asioista helppoa ilman lis\u00e4ohjelmien asentamista. Aiemminkin on ollut mahdollista l\u00e4hett\u00e4\u00e4 salattua s\u00e4hk\u00f6postia ja allekirjoittaa asiakirjoja s\u00e4hk\u00f6isesti. N\u00e4m\u00e4 toimet ovat usein edellytt\u00e4neet ohjelmien asentamista sek\u00e4 teknist\u00e4 erityisosaamista esimerkiksi salausavaimien hankkimiseksi. Luottopostin j\u00e4rjestelm\u00e4 on heti rekister\u00f6itymisen j\u00e4lkeen k\u00e4ytett\u00e4viss\u00e4 nykyaikaisilla matkapuhelimilla, tietokoneilla, tableteilla ja \u00e4lytelevisioilla.<br \/>Luottoposti on varsinaissuomalaisen TK Talous Oy:n rekister\u00f6im\u00e4 toiminimi. TK Talous Oy suunnittelee ja valmistaa internetiss\u00e4 k\u00e4ytett\u00e4vi\u00e4 j\u00e4rjestelmi\u00e4.<\/span><\/p>\n<p>[\/et_pb_text][\/et_pb_column][\/et_pb_row][\/et_pb_section][et_pb_section fb_built=&#8221;1&#8243; admin_label=&#8221;Contact Info&#8221; _builder_version=&#8221;4.24.3&#8243; background_color=&#8221;#f7f7f7&#8243; custom_padding=&#8221;||0px|||&#8221; locked=&#8221;off&#8221; global_colors_info=&#8221;{}&#8221;][et_pb_row _builder_version=&#8221;4.22.0&#8243; _module_preset=&#8221;default&#8221; custom_margin=&#8221;7px|auto||auto||&#8221; locked=&#8221;off&#8221; global_colors_info=&#8221;{}&#8221;][et_pb_column type=&#8221;4_4&#8243; _builder_version=&#8221;4.22.0&#8243; _module_preset=&#8221;default&#8221; global_colors_info=&#8221;{}&#8221;][et_pb_cta title=&#8221;Tietoturvalliset palvelut &#8221; button_text=&#8221;Click Here&#8221; _builder_version=&#8221;4.24.3&#8243; _module_preset=&#8221;default&#8221; header_font=&#8221;Noto Serif|700|||||||&#8221; header_text_align=&#8221;left&#8221; header_font_size=&#8221;26px&#8221; header_line_height=&#8221;1.3em&#8221; body_font=&#8221;Noto Sans|300|||||||&#8221; body_font_size=&#8221;16px&#8221; background_color=&#8221;#FBD68F&#8221; background_layout=&#8221;light&#8221; border_radii=&#8221;on|5px|5px|5px|5px&#8221; global_colors_info=&#8221;{}&#8221;]<\/p>\n<p style=\"text-align: left;\">Toimi EU:n tietosuoja-asetuksen mukaisesti.<\/p>\n<p style=\"text-align: left;\">Minimoi luottamuksellisen tiedon l\u00e4hett\u00e4miseen liittyv\u00e4t riskit. Luottopostilla suojatut asiakirjat l\u00e4het\u00e4t nopeasti vaikka toiselle puolella maapalloa. Luottopostin l\u00e4hetykseen voit liitt\u00e4\u00e4 salassa pidett\u00e4vi\u00e4 asiakirjoja tai henkil\u00f6tietoja sis\u00e4lt\u00e4vi\u00e4 tiedostoja.\u00a0 Luottopostilla l\u00e4het\u00e4t tiedot suojatusti vastaanottajalle. N\u00e4m\u00e4 tiedostot voit l\u00e4hett\u00e4\u00e4 turvallisesti EU:n GDPR -asetuksien mukaisesti. Voit luottaa, ettei tietosi joudu meid\u00e4n palvelussa v\u00e4\u00e4riin k\u00e4siin.<\/p>\n<p style=\"text-align: left;\">Luottopostin palvelu on k\u00e4ytett\u00e4viss\u00e4 24\/7. Tervetuloa k\u00e4ytt\u00e4m\u00e4\u00e4n palvelua silloin, kun sit\u00e4 tarvitset.<\/p>\n<p>[\/et_pb_cta][\/et_pb_column][\/et_pb_row][\/et_pb_section]<\/p>\n","protected":false},"excerpt":{"rendered":"<p>YrityksemmeTK Talous OyTK Talous Oy on suomalainen tietotekniikka-alalla toimiva yritys. Teemme integraatioita, koodattuja alustoja ja verkkokauppoja. Tarjoamme Suomalaisen j\u00e4rjestelm\u00e4n, josta voit l\u00e4hett\u00e4\u00e4 salatun s\u00e4hk\u00f6postin ja liitteet edullisesti, helposti ja turvallisesti. Luottopostin palvelumme on k\u00e4ytett\u00e4viss\u00e4 24\/7.LuottopostiLuottoposti on salattu ja turvallinen tapa l\u00e4hett\u00e4\u00e4 salassa pidett\u00e4vi\u00e4 tietoja, kuten henkil\u00f6tietoja, sopimuksia tai muuten luottamuksellisia asiakirjoja. Luottoposti syntyi tarpeesta tehd\u00e4 [&hellip;]<\/p>\n","protected":false},"author":3,"featured_media":615,"parent":0,"menu_order":0,"comment_status":"closed","ping_status":"closed","template":"","meta":{"_et_pb_use_builder":"on","_et_pb_old_content":"","_et_gb_content_width":"","iawp_total_views":0,"footnotes":""},"class_list":["post-82","page","type-page","status-publish","has-post-thumbnail","hentry"],"yoast_head":"<!-- This site is optimized with the Yoast SEO plugin v27.6 - https:\/\/yoast.com\/product\/yoast-seo-wordpress\/ -->\n<title>\u2614Yrityksemme | Salattu suojattu s\u00e4hk\u00f6posti www.Luottoposti.fi<\/title>\n<meta name=\"description\" content=\"TK Talous Oy vastaa Luottopostista \u2013 suomalaisesta, tietoturvallisesta s\u00e4hk\u00f6postin ja s\u00e4hk\u00f6isen allekirjoituksen palvelusta.\" \/>\n<meta name=\"robots\" content=\"index, follow, max-snippet:-1, max-image-preview:large, max-video-preview:-1\" \/>\n<link rel=\"canonical\" href=\"https:\/\/www.luottoposti.fi\/sv\/yrityksemme\/\" \/>\n<meta property=\"og:locale\" content=\"sv_SE\" \/>\n<meta property=\"og:type\" content=\"article\" \/>\n<meta property=\"og:title\" content=\"Luottopostin palvelun toteuttaa ja tarjoaa ABCnet Oy\" \/>\n<meta property=\"og:description\" content=\"Luottoposti tarjoaa ensimm\u00e4isen\u00e4 Suomessa j\u00e4rjestelm\u00e4\u00e4, josta voit l\u00e4hett\u00e4\u00e4 salatun s\u00e4hk\u00f6postin ja s\u00e4hk\u00f6isen allekirjoituksen samasta j\u00e4rjestelm\u00e4st\u00e4 helposti ja turvallisesti. Palvelun toteuttaa ja tarjouaa ABCnet Oy, joka on suomalainen tietotekniikka-alalla toimiva yritys. Teemme integraatioita, koodattuja alustoja ja verkkokauppoja.\" \/>\n<meta property=\"og:url\" content=\"https:\/\/www.luottoposti.fi\/sv\/yrityksemme\/\" \/>\n<meta property=\"og:site_name\" content=\"Salattu suojattu s\u00e4hk\u00f6posti www.Luottoposti.fi\" \/>\n<meta property=\"article:publisher\" content=\"https:\/\/www.facebook.com\/Luottoposti\" \/>\n<meta property=\"article:modified_time\" content=\"2025-10-14T10:53:09+00:00\" \/>\n<meta property=\"og:image\" content=\"https:\/\/www.luottoposti.fi\/wp-content\/uploads\/2022\/03\/Luottoposti_yritysestamme.jpg\" \/>\n\t<meta property=\"og:image:width\" content=\"1280\" \/>\n\t<meta property=\"og:image:height\" content=\"498\" \/>\n\t<meta property=\"og:image:type\" content=\"image\/jpeg\" \/>\n<meta name=\"twitter:card\" content=\"summary_large_image\" \/>\n<meta name=\"twitter:title\" content=\"Luottopostin palvelun toteuttaa ja tarjoaa ABCnet Oy\" \/>\n<meta name=\"twitter:description\" content=\"Luottoposti tarjoaa ensimm\u00e4isen\u00e4 Suomessa j\u00e4rjestelm\u00e4\u00e4, josta voit l\u00e4hett\u00e4\u00e4 salatun s\u00e4hk\u00f6postin ja s\u00e4hk\u00f6isen allekirjoituksen samasta j\u00e4rjestelm\u00e4st\u00e4 helposti ja turvallisesti. Palvelun toteuttaa ja tarjoaa ABCnet Oy, joka on suomalainen tietotekniikka-alalla toimiva yritys. Teemme integraatioita, koodattuja alustoja ja verkkokauppoja.\" \/>\n<meta name=\"twitter:image\" content=\"https:\/\/www.luottoposti.fi\/wp-content\/uploads\/2022\/03\/Luottoposti_yritysestamme.jpg\" \/>\n<meta name=\"twitter:label1\" content=\"Ber\u00e4knad l\u00e4stid\" \/>\n\t<meta name=\"twitter:data1\" content=\"5 minuter\" \/>\n<script type=\"application\/ld+json\" class=\"yoast-schema-graph\">{\"@context\":\"https:\\\/\\\/schema.org\",\"@graph\":[{\"@type\":\"WebPage\",\"@id\":\"https:\\\/\\\/www.luottoposti.fi\\\/yrityksemme\\\/\",\"url\":\"https:\\\/\\\/www.luottoposti.fi\\\/yrityksemme\\\/\",\"name\":\"\u2614Yrityksemme | Salattu suojattu s\u00e4hk\u00f6posti www.Luottoposti.fi\",\"isPartOf\":{\"@id\":\"https:\\\/\\\/www.luottoposti.fi\\\/#website\"},\"primaryImageOfPage\":{\"@id\":\"https:\\\/\\\/www.luottoposti.fi\\\/yrityksemme\\\/#primaryimage\"},\"image\":{\"@id\":\"https:\\\/\\\/www.luottoposti.fi\\\/yrityksemme\\\/#primaryimage\"},\"thumbnailUrl\":\"https:\\\/\\\/www.luottoposti.fi\\\/wp-content\\\/uploads\\\/2022\\\/03\\\/Luottoposti-suojattu-sahkoposti-lukko.jpg\",\"datePublished\":\"2021-10-25T12:04:43+00:00\",\"dateModified\":\"2025-10-14T10:53:09+00:00\",\"description\":\"TK Talous Oy vastaa Luottopostista \u2013 suomalaisesta, tietoturvallisesta s\u00e4hk\u00f6postin ja s\u00e4hk\u00f6isen allekirjoituksen palvelusta.\",\"breadcrumb\":{\"@id\":\"https:\\\/\\\/www.luottoposti.fi\\\/yrityksemme\\\/#breadcrumb\"},\"inLanguage\":\"sv-SE\",\"potentialAction\":[{\"@type\":\"ReadAction\",\"target\":[\"https:\\\/\\\/www.luottoposti.fi\\\/yrityksemme\\\/\"]}]},{\"@type\":\"ImageObject\",\"inLanguage\":\"sv-SE\",\"@id\":\"https:\\\/\\\/www.luottoposti.fi\\\/yrityksemme\\\/#primaryimage\",\"url\":\"https:\\\/\\\/www.luottoposti.fi\\\/wp-content\\\/uploads\\\/2022\\\/03\\\/Luottoposti-suojattu-sahkoposti-lukko.jpg\",\"contentUrl\":\"https:\\\/\\\/www.luottoposti.fi\\\/wp-content\\\/uploads\\\/2022\\\/03\\\/Luottoposti-suojattu-sahkoposti-lukko.jpg\",\"width\":1080,\"height\":1080,\"caption\":\"TK Talous Oy kehitt\u00e4\u00e4 ja yll\u00e4pit\u00e4\u00e4 Luottoposti-palvelua \u2013 suomalaista ratkaisua turvalliseen s\u00e4hk\u00f6iseen viestint\u00e4\u00e4n ja allekirjoittamiseen.\"},{\"@type\":\"BreadcrumbList\",\"@id\":\"https:\\\/\\\/www.luottoposti.fi\\\/yrityksemme\\\/#breadcrumb\",\"itemListElement\":[{\"@type\":\"ListItem\",\"position\":1,\"name\":\"Etusivu\",\"item\":\"https:\\\/\\\/www.luottoposti.fi\\\/\"},{\"@type\":\"ListItem\",\"position\":2,\"name\":\"Yrityksemme\"}]},{\"@type\":\"WebSite\",\"@id\":\"https:\\\/\\\/www.luottoposti.fi\\\/#website\",\"url\":\"https:\\\/\\\/www.luottoposti.fi\\\/\",\"name\":\"Salattu suojattu s\u00e4hk\u00f6posti www.Luottoposti.fi\",\"description\":\"Luottoposti on suomalainen salattu suojattu s\u00e4hk\u00f6posti\",\"publisher\":{\"@id\":\"https:\\\/\\\/www.luottoposti.fi\\\/#organization\"},\"alternateName\":\"\u26a1Luottoposti\u2122\",\"potentialAction\":[{\"@type\":\"SearchAction\",\"target\":{\"@type\":\"EntryPoint\",\"urlTemplate\":\"https:\\\/\\\/www.luottoposti.fi\\\/?s={search_term_string}\"},\"query-input\":{\"@type\":\"PropertyValueSpecification\",\"valueRequired\":true,\"valueName\":\"search_term_string\"}}],\"inLanguage\":\"sv-SE\"},{\"@type\":\"Organization\",\"@id\":\"https:\\\/\\\/www.luottoposti.fi\\\/#organization\",\"name\":\"ABCnet Oy\",\"alternateName\":\"Luottoposti\",\"url\":\"https:\\\/\\\/www.luottoposti.fi\\\/\",\"logo\":{\"@type\":\"ImageObject\",\"inLanguage\":\"sv-SE\",\"@id\":\"https:\\\/\\\/www.luottoposti.fi\\\/#\\\/schema\\\/logo\\\/image\\\/\",\"url\":\"https:\\\/\\\/migrate.luottoposti.fi\\\/wp-content\\\/uploads\\\/2021\\\/12\\\/abcnet_square.jpg\",\"contentUrl\":\"https:\\\/\\\/migrate.luottoposti.fi\\\/wp-content\\\/uploads\\\/2021\\\/12\\\/abcnet_square.jpg\",\"width\":1090,\"height\":1090,\"caption\":\"ABCnet Oy\"},\"image\":{\"@id\":\"https:\\\/\\\/www.luottoposti.fi\\\/#\\\/schema\\\/logo\\\/image\\\/\"},\"sameAs\":[\"https:\\\/\\\/www.facebook.com\\\/Luottoposti\"]}]}<\/script>\n<!-- \/ Yoast SEO plugin. -->","yoast_head_json":{"title":"\u2614Yrityksemme | Salattu suojattu s\u00e4hk\u00f6posti www.Luottoposti.fi","description":"TK Talous Oy vastaa Luottopostista \u2013 suomalaisesta, tietoturvallisesta s\u00e4hk\u00f6postin ja s\u00e4hk\u00f6isen allekirjoituksen palvelusta.","robots":{"index":"index","follow":"follow","max-snippet":"max-snippet:-1","max-image-preview":"max-image-preview:large","max-video-preview":"max-video-preview:-1"},"canonical":"https:\/\/www.luottoposti.fi\/sv\/yrityksemme\/","og_locale":"sv_SE","og_type":"article","og_title":"Luottopostin palvelun toteuttaa ja tarjoaa ABCnet Oy","og_description":"Luottoposti tarjoaa ensimm\u00e4isen\u00e4 Suomessa j\u00e4rjestelm\u00e4\u00e4, josta voit l\u00e4hett\u00e4\u00e4 salatun s\u00e4hk\u00f6postin ja s\u00e4hk\u00f6isen allekirjoituksen samasta j\u00e4rjestelm\u00e4st\u00e4 helposti ja turvallisesti. Palvelun toteuttaa ja tarjouaa ABCnet Oy, joka on suomalainen tietotekniikka-alalla toimiva yritys. Teemme integraatioita, koodattuja alustoja ja verkkokauppoja.","og_url":"https:\/\/www.luottoposti.fi\/sv\/yrityksemme\/","og_site_name":"Salattu suojattu s\u00e4hk\u00f6posti www.Luottoposti.fi","article_publisher":"https:\/\/www.facebook.com\/Luottoposti","article_modified_time":"2025-10-14T10:53:09+00:00","og_image":[{"width":1280,"height":498,"url":"https:\/\/www.luottoposti.fi\/wp-content\/uploads\/2022\/03\/Luottoposti_yritysestamme.jpg","type":"image\/jpeg"}],"twitter_card":"summary_large_image","twitter_title":"Luottopostin palvelun toteuttaa ja tarjoaa ABCnet Oy","twitter_description":"Luottoposti tarjoaa ensimm\u00e4isen\u00e4 Suomessa j\u00e4rjestelm\u00e4\u00e4, josta voit l\u00e4hett\u00e4\u00e4 salatun s\u00e4hk\u00f6postin ja s\u00e4hk\u00f6isen allekirjoituksen samasta j\u00e4rjestelm\u00e4st\u00e4 helposti ja turvallisesti. Palvelun toteuttaa ja tarjoaa ABCnet Oy, joka on suomalainen tietotekniikka-alalla toimiva yritys. Teemme integraatioita, koodattuja alustoja ja verkkokauppoja.","twitter_image":"https:\/\/www.luottoposti.fi\/wp-content\/uploads\/2022\/03\/Luottoposti_yritysestamme.jpg","twitter_misc":{"Ber\u00e4knad l\u00e4stid":"5 minuter"},"schema":{"@context":"https:\/\/schema.org","@graph":[{"@type":"WebPage","@id":"https:\/\/www.luottoposti.fi\/yrityksemme\/","url":"https:\/\/www.luottoposti.fi\/yrityksemme\/","name":"\u2614Yrityksemme | Salattu suojattu s\u00e4hk\u00f6posti www.Luottoposti.fi","isPartOf":{"@id":"https:\/\/www.luottoposti.fi\/#website"},"primaryImageOfPage":{"@id":"https:\/\/www.luottoposti.fi\/yrityksemme\/#primaryimage"},"image":{"@id":"https:\/\/www.luottoposti.fi\/yrityksemme\/#primaryimage"},"thumbnailUrl":"https:\/\/www.luottoposti.fi\/wp-content\/uploads\/2022\/03\/Luottoposti-suojattu-sahkoposti-lukko.jpg","datePublished":"2021-10-25T12:04:43+00:00","dateModified":"2025-10-14T10:53:09+00:00","description":"TK Talous Oy vastaa Luottopostista \u2013 suomalaisesta, tietoturvallisesta s\u00e4hk\u00f6postin ja s\u00e4hk\u00f6isen allekirjoituksen palvelusta.","breadcrumb":{"@id":"https:\/\/www.luottoposti.fi\/yrityksemme\/#breadcrumb"},"inLanguage":"sv-SE","potentialAction":[{"@type":"ReadAction","target":["https:\/\/www.luottoposti.fi\/yrityksemme\/"]}]},{"@type":"ImageObject","inLanguage":"sv-SE","@id":"https:\/\/www.luottoposti.fi\/yrityksemme\/#primaryimage","url":"https:\/\/www.luottoposti.fi\/wp-content\/uploads\/2022\/03\/Luottoposti-suojattu-sahkoposti-lukko.jpg","contentUrl":"https:\/\/www.luottoposti.fi\/wp-content\/uploads\/2022\/03\/Luottoposti-suojattu-sahkoposti-lukko.jpg","width":1080,"height":1080,"caption":"TK Talous Oy kehitt\u00e4\u00e4 ja yll\u00e4pit\u00e4\u00e4 Luottoposti-palvelua \u2013 suomalaista ratkaisua turvalliseen s\u00e4hk\u00f6iseen viestint\u00e4\u00e4n ja allekirjoittamiseen."},{"@type":"BreadcrumbList","@id":"https:\/\/www.luottoposti.fi\/yrityksemme\/#breadcrumb","itemListElement":[{"@type":"ListItem","position":1,"name":"Etusivu","item":"https:\/\/www.luottoposti.fi\/"},{"@type":"ListItem","position":2,"name":"Yrityksemme"}]},{"@type":"WebSite","@id":"https:\/\/www.luottoposti.fi\/#website","url":"https:\/\/www.luottoposti.fi\/","name":"Salattu suojattu s\u00e4hk\u00f6posti www.Luottoposti.fi","description":"Luottoposti on suomalainen salattu suojattu s\u00e4hk\u00f6posti","publisher":{"@id":"https:\/\/www.luottoposti.fi\/#organization"},"alternateName":"\u26a1Luottoposti\u2122","potentialAction":[{"@type":"SearchAction","target":{"@type":"EntryPoint","urlTemplate":"https:\/\/www.luottoposti.fi\/?s={search_term_string}"},"query-input":{"@type":"PropertyValueSpecification","valueRequired":true,"valueName":"search_term_string"}}],"inLanguage":"sv-SE"},{"@type":"Organization","@id":"https:\/\/www.luottoposti.fi\/#organization","name":"ABCnet Oy","alternateName":"Luottoposti","url":"https:\/\/www.luottoposti.fi\/","logo":{"@type":"ImageObject","inLanguage":"sv-SE","@id":"https:\/\/www.luottoposti.fi\/#\/schema\/logo\/image\/","url":"https:\/\/migrate.luottoposti.fi\/wp-content\/uploads\/2021\/12\/abcnet_square.jpg","contentUrl":"https:\/\/migrate.luottoposti.fi\/wp-content\/uploads\/2021\/12\/abcnet_square.jpg","width":1090,"height":1090,"caption":"ABCnet Oy"},"image":{"@id":"https:\/\/www.luottoposti.fi\/#\/schema\/logo\/image\/"},"sameAs":["https:\/\/www.facebook.com\/Luottoposti"]}]}},"_links":{"self":[{"href":"https:\/\/www.luottoposti.fi\/sv\/wp-json\/wp\/v2\/pages\/82","targetHints":{"allow":["GET"]}}],"collection":[{"href":"https:\/\/www.luottoposti.fi\/sv\/wp-json\/wp\/v2\/pages"}],"about":[{"href":"https:\/\/www.luottoposti.fi\/sv\/wp-json\/wp\/v2\/types\/page"}],"author":[{"embeddable":true,"href":"https:\/\/www.luottoposti.fi\/sv\/wp-json\/wp\/v2\/users\/3"}],"replies":[{"embeddable":true,"href":"https:\/\/www.luottoposti.fi\/sv\/wp-json\/wp\/v2\/comments?post=82"}],"version-history":[{"count":2,"href":"https:\/\/www.luottoposti.fi\/sv\/wp-json\/wp\/v2\/pages\/82\/revisions"}],"predecessor-version":[{"id":4896,"href":"https:\/\/www.luottoposti.fi\/sv\/wp-json\/wp\/v2\/pages\/82\/revisions\/4896"}],"wp:featuredmedia":[{"embeddable":true,"href":"https:\/\/www.luottoposti.fi\/sv\/wp-json\/wp\/v2\/media\/615"}],"wp:attachment":[{"href":"https:\/\/www.luottoposti.fi\/sv\/wp-json\/wp\/v2\/media?parent=82"}],"curies":[{"name":"wp","href":"https:\/\/api.w.org\/{rel}","templated":true}]}}