{"id":4175,"date":"2025-01-07T11:11:40","date_gmt":"2025-01-07T09:11:40","guid":{"rendered":"https:\/\/www.luottoposti.fi\/?page_id=4175"},"modified":"2025-11-21T11:43:29","modified_gmt":"2025-11-21T09:43:29","slug":"gdpr-testi","status":"publish","type":"page","link":"https:\/\/www.luottoposti.fi\/sv\/gdpr-testi\/","title":{"rendered":"GDPR-testi"},"content":{"rendered":"[et_pb_section fb_built=&#8221;1&#8243; _builder_version=&#8221;4.16&#8243; global_colors_info=&#8221;{}&#8221;][et_pb_row _builder_version=&#8221;4.16&#8243; background_size=&#8221;initial&#8221; background_position=&#8221;top_left&#8221; background_repeat=&#8221;repeat&#8221; global_colors_info=&#8221;{}&#8221;][et_pb_column type=&#8221;4_4&#8243; _builder_version=&#8221;4.16&#8243; custom_padding=&#8221;|||&#8221; global_colors_info=&#8221;{}&#8221; custom_padding__hover=&#8221;|||&#8221;][et_pb_text _builder_version=&#8221;4.16&#8243; background_size=&#8221;initial&#8221; background_position=&#8221;top_left&#8221; background_repeat=&#8221;repeat&#8221; global_colors_info=&#8221;{}&#8221;]\r[\/et_pb_text][\/et_pb_column][\/et_pb_row][\/et_pb_section]","protected":false},"excerpt":{"rendered":"<p>Testaa maksutta mill\u00e4 tasolla yrityksesi GDPR asiat ovat nyt. Voit valita Pikatestin tai Syv\u00e4testin. Pikatesti antaa nopeasti kuvan yrityksesi tietosuojatilanteesta. Syv\u00e4testi antaa syvemm\u00e4n analyysin yrityksesi nykyisest\u00e4 tietosuojatilanteesta.<\/p>","protected":false},"author":22,"featured_media":4069,"parent":0,"menu_order":0,"comment_status":"closed","ping_status":"closed","template":"","meta":{"_et_pb_use_builder":"on","_et_pb_old_content":"<!-- wp:divi\/placeholder \/-->","_et_gb_content_width":"","iawp_total_views":0,"footnotes":""},"class_list":["post-4175","page","type-page","status-publish","has-post-thumbnail","hentry"],"yoast_head":"<!-- This site is optimized with the Yoast SEO plugin v27.6 - https:\/\/yoast.com\/product\/yoast-seo-wordpress\/ -->\n<title>\u2614GDPR-testi | Salattu suojattu s\u00e4hk\u00f6posti www.Luottoposti.fi<\/title>\n<meta name=\"description\" content=\"Tee nopea GDPR-testi ja selvit\u00e4, miten hyvin organisaatiosi t\u00e4ytt\u00e4\u00e4 tietosuojavaatimukset. Saat yhteenvedon ja suositukset jatkotoimiin.\" \/>\n<meta name=\"robots\" content=\"index, follow, max-snippet:-1, max-image-preview:large, max-video-preview:-1\" \/>\n<link rel=\"canonical\" href=\"https:\/\/www.luottoposti.fi\/sv\/gdpr-testi\/\" \/>\n<meta property=\"og:locale\" content=\"sv_SE\" \/>\n<meta property=\"og:type\" content=\"article\" \/>\n<meta property=\"og:title\" content=\"\u2614GDPR-testi | Salattu suojattu s\u00e4hk\u00f6posti www.Luottoposti.fi\" \/>\n<meta property=\"og:description\" content=\"Tee nopea GDPR-testi ja selvit\u00e4, miten hyvin organisaatiosi t\u00e4ytt\u00e4\u00e4 tietosuojavaatimukset. Saat yhteenvedon ja suositukset jatkotoimiin.\" \/>\n<meta property=\"og:url\" content=\"https:\/\/www.luottoposti.fi\/sv\/gdpr-testi\/\" \/>\n<meta property=\"og:site_name\" content=\"Salattu suojattu s\u00e4hk\u00f6posti www.Luottoposti.fi\" \/>\n<meta property=\"article:publisher\" content=\"https:\/\/www.facebook.com\/Luottoposti\" \/>\n<meta property=\"article:modified_time\" content=\"2025-11-21T09:43:29+00:00\" \/>\n<meta property=\"og:image\" content=\"https:\/\/www.luottoposti.fi\/wp-content\/uploads\/2024\/11\/GDPR-D-Fence-logo-40X40mm.png\" \/>\n\t<meta property=\"og:image:width\" content=\"472\" \/>\n\t<meta property=\"og:image:height\" content=\"473\" \/>\n\t<meta property=\"og:image:type\" content=\"image\/png\" \/>\n<meta name=\"twitter:card\" content=\"summary_large_image\" \/>\n<script type=\"application\/ld+json\" class=\"yoast-schema-graph\">{\"@context\":\"https:\\\/\\\/schema.org\",\"@graph\":[{\"@type\":\"WebPage\",\"@id\":\"https:\\\/\\\/www.luottoposti.fi\\\/gdpr-testi\\\/\",\"url\":\"https:\\\/\\\/www.luottoposti.fi\\\/gdpr-testi\\\/\",\"name\":\"\u2614GDPR-testi | Salattu suojattu s\u00e4hk\u00f6posti www.Luottoposti.fi\",\"isPartOf\":{\"@id\":\"https:\\\/\\\/www.luottoposti.fi\\\/#website\"},\"primaryImageOfPage\":{\"@id\":\"https:\\\/\\\/www.luottoposti.fi\\\/gdpr-testi\\\/#primaryimage\"},\"image\":{\"@id\":\"https:\\\/\\\/www.luottoposti.fi\\\/gdpr-testi\\\/#primaryimage\"},\"thumbnailUrl\":\"https:\\\/\\\/www.luottoposti.fi\\\/wp-content\\\/uploads\\\/2024\\\/11\\\/GDPR-D-Fence-logo-40X40mm.png\",\"datePublished\":\"2025-01-07T09:11:40+00:00\",\"dateModified\":\"2025-11-21T09:43:29+00:00\",\"description\":\"Tee nopea GDPR-testi ja selvit\u00e4, miten hyvin organisaatiosi t\u00e4ytt\u00e4\u00e4 tietosuojavaatimukset. Saat yhteenvedon ja suositukset jatkotoimiin.\",\"breadcrumb\":{\"@id\":\"https:\\\/\\\/www.luottoposti.fi\\\/gdpr-testi\\\/#breadcrumb\"},\"inLanguage\":\"sv-SE\",\"potentialAction\":[{\"@type\":\"ReadAction\",\"target\":[\"https:\\\/\\\/www.luottoposti.fi\\\/gdpr-testi\\\/\"]}]},{\"@type\":\"ImageObject\",\"inLanguage\":\"sv-SE\",\"@id\":\"https:\\\/\\\/www.luottoposti.fi\\\/gdpr-testi\\\/#primaryimage\",\"url\":\"https:\\\/\\\/www.luottoposti.fi\\\/wp-content\\\/uploads\\\/2024\\\/11\\\/GDPR-D-Fence-logo-40X40mm.png\",\"contentUrl\":\"https:\\\/\\\/www.luottoposti.fi\\\/wp-content\\\/uploads\\\/2024\\\/11\\\/GDPR-D-Fence-logo-40X40mm.png\",\"width\":472,\"height\":473,\"caption\":\"Kuvassa n\u00e4kyy tietoturvaa kuvaava elementti, koka kuvastaa GDPR-testin ideaa.\"},{\"@type\":\"BreadcrumbList\",\"@id\":\"https:\\\/\\\/www.luottoposti.fi\\\/gdpr-testi\\\/#breadcrumb\",\"itemListElement\":[{\"@type\":\"ListItem\",\"position\":1,\"name\":\"Etusivu\",\"item\":\"https:\\\/\\\/www.luottoposti.fi\\\/\"},{\"@type\":\"ListItem\",\"position\":2,\"name\":\"GDPR-testi\"}]},{\"@type\":\"WebSite\",\"@id\":\"https:\\\/\\\/www.luottoposti.fi\\\/#website\",\"url\":\"https:\\\/\\\/www.luottoposti.fi\\\/\",\"name\":\"Salattu suojattu s\u00e4hk\u00f6posti www.Luottoposti.fi\",\"description\":\"Luottoposti on suomalainen salattu suojattu s\u00e4hk\u00f6posti\",\"publisher\":{\"@id\":\"https:\\\/\\\/www.luottoposti.fi\\\/#organization\"},\"alternateName\":\"\u26a1Luottoposti\u2122\",\"potentialAction\":[{\"@type\":\"SearchAction\",\"target\":{\"@type\":\"EntryPoint\",\"urlTemplate\":\"https:\\\/\\\/www.luottoposti.fi\\\/?s={search_term_string}\"},\"query-input\":{\"@type\":\"PropertyValueSpecification\",\"valueRequired\":true,\"valueName\":\"search_term_string\"}}],\"inLanguage\":\"sv-SE\"},{\"@type\":\"Organization\",\"@id\":\"https:\\\/\\\/www.luottoposti.fi\\\/#organization\",\"name\":\"ABCnet Oy\",\"alternateName\":\"Luottoposti\",\"url\":\"https:\\\/\\\/www.luottoposti.fi\\\/\",\"logo\":{\"@type\":\"ImageObject\",\"inLanguage\":\"sv-SE\",\"@id\":\"https:\\\/\\\/www.luottoposti.fi\\\/#\\\/schema\\\/logo\\\/image\\\/\",\"url\":\"https:\\\/\\\/migrate.luottoposti.fi\\\/wp-content\\\/uploads\\\/2021\\\/12\\\/abcnet_square.jpg\",\"contentUrl\":\"https:\\\/\\\/migrate.luottoposti.fi\\\/wp-content\\\/uploads\\\/2021\\\/12\\\/abcnet_square.jpg\",\"width\":1090,\"height\":1090,\"caption\":\"ABCnet Oy\"},\"image\":{\"@id\":\"https:\\\/\\\/www.luottoposti.fi\\\/#\\\/schema\\\/logo\\\/image\\\/\"},\"sameAs\":[\"https:\\\/\\\/www.facebook.com\\\/Luottoposti\"]}]}<\/script>\n<!-- \/ Yoast SEO plugin. -->","yoast_head_json":{"title":"\u2614GDPR-testi | Salattu suojattu s\u00e4hk\u00f6posti www.Luottoposti.fi","description":"Tee nopea GDPR-testi ja selvit\u00e4, miten hyvin organisaatiosi t\u00e4ytt\u00e4\u00e4 tietosuojavaatimukset. Saat yhteenvedon ja suositukset jatkotoimiin.","robots":{"index":"index","follow":"follow","max-snippet":"max-snippet:-1","max-image-preview":"max-image-preview:large","max-video-preview":"max-video-preview:-1"},"canonical":"https:\/\/www.luottoposti.fi\/sv\/gdpr-testi\/","og_locale":"sv_SE","og_type":"article","og_title":"\u2614GDPR-testi | Salattu suojattu s\u00e4hk\u00f6posti www.Luottoposti.fi","og_description":"Tee nopea GDPR-testi ja selvit\u00e4, miten hyvin organisaatiosi t\u00e4ytt\u00e4\u00e4 tietosuojavaatimukset. Saat yhteenvedon ja suositukset jatkotoimiin.","og_url":"https:\/\/www.luottoposti.fi\/sv\/gdpr-testi\/","og_site_name":"Salattu suojattu s\u00e4hk\u00f6posti www.Luottoposti.fi","article_publisher":"https:\/\/www.facebook.com\/Luottoposti","article_modified_time":"2025-11-21T09:43:29+00:00","og_image":[{"width":472,"height":473,"url":"https:\/\/www.luottoposti.fi\/wp-content\/uploads\/2024\/11\/GDPR-D-Fence-logo-40X40mm.png","type":"image\/png"}],"twitter_card":"summary_large_image","schema":{"@context":"https:\/\/schema.org","@graph":[{"@type":"WebPage","@id":"https:\/\/www.luottoposti.fi\/gdpr-testi\/","url":"https:\/\/www.luottoposti.fi\/gdpr-testi\/","name":"\u2614GDPR-testi | Salattu suojattu s\u00e4hk\u00f6posti www.Luottoposti.fi","isPartOf":{"@id":"https:\/\/www.luottoposti.fi\/#website"},"primaryImageOfPage":{"@id":"https:\/\/www.luottoposti.fi\/gdpr-testi\/#primaryimage"},"image":{"@id":"https:\/\/www.luottoposti.fi\/gdpr-testi\/#primaryimage"},"thumbnailUrl":"https:\/\/www.luottoposti.fi\/wp-content\/uploads\/2024\/11\/GDPR-D-Fence-logo-40X40mm.png","datePublished":"2025-01-07T09:11:40+00:00","dateModified":"2025-11-21T09:43:29+00:00","description":"Tee nopea GDPR-testi ja selvit\u00e4, miten hyvin organisaatiosi t\u00e4ytt\u00e4\u00e4 tietosuojavaatimukset. Saat yhteenvedon ja suositukset jatkotoimiin.","breadcrumb":{"@id":"https:\/\/www.luottoposti.fi\/gdpr-testi\/#breadcrumb"},"inLanguage":"sv-SE","potentialAction":[{"@type":"ReadAction","target":["https:\/\/www.luottoposti.fi\/gdpr-testi\/"]}]},{"@type":"ImageObject","inLanguage":"sv-SE","@id":"https:\/\/www.luottoposti.fi\/gdpr-testi\/#primaryimage","url":"https:\/\/www.luottoposti.fi\/wp-content\/uploads\/2024\/11\/GDPR-D-Fence-logo-40X40mm.png","contentUrl":"https:\/\/www.luottoposti.fi\/wp-content\/uploads\/2024\/11\/GDPR-D-Fence-logo-40X40mm.png","width":472,"height":473,"caption":"Kuvassa n\u00e4kyy tietoturvaa kuvaava elementti, koka kuvastaa GDPR-testin ideaa."},{"@type":"BreadcrumbList","@id":"https:\/\/www.luottoposti.fi\/gdpr-testi\/#breadcrumb","itemListElement":[{"@type":"ListItem","position":1,"name":"Etusivu","item":"https:\/\/www.luottoposti.fi\/"},{"@type":"ListItem","position":2,"name":"GDPR-testi"}]},{"@type":"WebSite","@id":"https:\/\/www.luottoposti.fi\/#website","url":"https:\/\/www.luottoposti.fi\/","name":"Salattu suojattu s\u00e4hk\u00f6posti www.Luottoposti.fi","description":"Luottoposti on suomalainen salattu suojattu s\u00e4hk\u00f6posti","publisher":{"@id":"https:\/\/www.luottoposti.fi\/#organization"},"alternateName":"\u26a1Luottoposti\u2122","potentialAction":[{"@type":"SearchAction","target":{"@type":"EntryPoint","urlTemplate":"https:\/\/www.luottoposti.fi\/?s={search_term_string}"},"query-input":{"@type":"PropertyValueSpecification","valueRequired":true,"valueName":"search_term_string"}}],"inLanguage":"sv-SE"},{"@type":"Organization","@id":"https:\/\/www.luottoposti.fi\/#organization","name":"ABCnet Oy","alternateName":"Luottoposti","url":"https:\/\/www.luottoposti.fi\/","logo":{"@type":"ImageObject","inLanguage":"sv-SE","@id":"https:\/\/www.luottoposti.fi\/#\/schema\/logo\/image\/","url":"https:\/\/migrate.luottoposti.fi\/wp-content\/uploads\/2021\/12\/abcnet_square.jpg","contentUrl":"https:\/\/migrate.luottoposti.fi\/wp-content\/uploads\/2021\/12\/abcnet_square.jpg","width":1090,"height":1090,"caption":"ABCnet Oy"},"image":{"@id":"https:\/\/www.luottoposti.fi\/#\/schema\/logo\/image\/"},"sameAs":["https:\/\/www.facebook.com\/Luottoposti"]}]}},"_links":{"self":[{"href":"https:\/\/www.luottoposti.fi\/sv\/wp-json\/wp\/v2\/pages\/4175","targetHints":{"allow":["GET"]}}],"collection":[{"href":"https:\/\/www.luottoposti.fi\/sv\/wp-json\/wp\/v2\/pages"}],"about":[{"href":"https:\/\/www.luottoposti.fi\/sv\/wp-json\/wp\/v2\/types\/page"}],"author":[{"embeddable":true,"href":"https:\/\/www.luottoposti.fi\/sv\/wp-json\/wp\/v2\/users\/22"}],"replies":[{"embeddable":true,"href":"https:\/\/www.luottoposti.fi\/sv\/wp-json\/wp\/v2\/comments?post=4175"}],"version-history":[{"count":1,"href":"https:\/\/www.luottoposti.fi\/sv\/wp-json\/wp\/v2\/pages\/4175\/revisions"}],"predecessor-version":[{"id":5360,"href":"https:\/\/www.luottoposti.fi\/sv\/wp-json\/wp\/v2\/pages\/4175\/revisions\/5360"}],"wp:featuredmedia":[{"embeddable":true,"href":"https:\/\/www.luottoposti.fi\/sv\/wp-json\/wp\/v2\/media\/4069"}],"wp:attachment":[{"href":"https:\/\/www.luottoposti.fi\/sv\/wp-json\/wp\/v2\/media?parent=4175"}],"curies":[{"name":"wp","href":"https:\/\/api.w.org\/{rel}","templated":true}]}}