{"id":5233,"date":"2025-11-17T11:16:53","date_gmt":"2025-11-17T09:16:53","guid":{"rendered":"https:\/\/www.luottoposti.fi\/?page_id=5233"},"modified":"2026-04-04T14:23:48","modified_gmt":"2026-04-04T11:23:48","slug":"salamaviesti","status":"publish","type":"page","link":"https:\/\/www.luottoposti.fi\/en\/salamaviesti\/","title":{"rendered":"Salamaviesti"},"content":{"rendered":"<p>[et_pb_section fb_built=&#8221;1&#8243; admin_label=&#8221;Header&#8221; _builder_version=&#8221;4.27.5&#8243; _module_preset=&#8221;default&#8221; background_image=&#8221;https:\/\/www.luottoposti.fi\/wp-content\/uploads\/2024\/04\/IMG_3339.png&#8221; custom_padding=&#8221;89px||8px|||&#8221; collapsed=&#8221;on&#8221; global_colors_info=&#8221;{}&#8221;][et_pb_row _builder_version=&#8221;4.24.2&#8243; _module_preset=&#8221;default&#8221; custom_padding=&#8221;1px||7px|||&#8221; global_colors_info=&#8221;{}&#8221;][et_pb_column type=&#8221;4_4&#8243; _builder_version=&#8221;4.24.2&#8243; _module_preset=&#8221;default&#8221; custom_padding=&#8221;||0px||false|false&#8221; global_colors_info=&#8221;{}&#8221;][et_pb_text _builder_version=&#8221;4.27.4&#8243; _module_preset=&#8221;841afe49-6367-4bad-a857-ce0d1dbf4b0f&#8221; header_font=&#8221;Noto Serif|700|||||||&#8221; header_text_align=&#8221;center&#8221; header_text_color=&#8221;#FFFFFF&#8221; header_2_font=&#8221;Noto Serif|700|||||||&#8221; header_text_shadow_style=&#8221;preset3&#8243; header_text_shadow_color=&#8221;rgba(84,84,84,0.4)&#8221; global_colors_info=&#8221;{}&#8221;]<\/p>\n<h1>Salamaviesti &#8211; turvallinen ja salattu viestikanava<\/h1>\n<p>[\/et_pb_text][\/et_pb_column][\/et_pb_row][et_pb_row column_structure=&#8221;1_2,1_2&#8243; use_custom_gutter=&#8221;on&#8221; make_equal=&#8221;on&#8221; _builder_version=&#8221;4.24.2&#8243; _module_preset=&#8221;default&#8221; custom_margin=&#8221;|auto|31px|auto||&#8221; custom_padding=&#8221;||||false|false&#8221; global_colors_info=&#8221;{}&#8221; gutter_width__hover_enabled=&#8221;off|desktop&#8221;][et_pb_column type=&#8221;1_2&#8243; _builder_version=&#8221;4.24.2&#8243; _module_preset=&#8221;default&#8221; custom_padding=&#8221;0px||0px||false|false&#8221; global_colors_info=&#8221;{}&#8221;][et_pb_button button_url=&#8221;https:\/\/luottoposti.fi\/uusitunnus&#8221; button_text=&#8221;Rekister\u00f6idy&#8221; button_alignment=&#8221;center&#8221; _builder_version=&#8221;4.25.0&#8243; _module_preset=&#8221;8c67abd2-58e3-49ee-a525-a99f762c19b8&#8243; button_bg_color=&#8221;#FFFFFF&#8221; button_border_radius=&#8221;6px&#8221; button_font=&#8221;Noto Sans|600|||||||&#8221; button_use_icon=&#8221;off&#8221; global_colors_info=&#8221;{}&#8221;][\/et_pb_button][\/et_pb_column][et_pb_column type=&#8221;1_2&#8243; _builder_version=&#8221;4.22.0&#8243; _module_preset=&#8221;default&#8221; custom_padding=&#8221;0px||0px||false|false&#8221; global_colors_info=&#8221;{}&#8221;][et_pb_button button_url=&#8221;https:\/\/luottoposti.fi\/kirjautuminen&#8221; button_text=&#8221;Kirjaudu&#8221; button_alignment=&#8221;center&#8221; _builder_version=&#8221;4.25.0&#8243; _module_preset=&#8221;8c67abd2-58e3-49ee-a525-a99f762c19b8&#8243; button_bg_color=&#8221;#FFFFFF&#8221; button_border_radius=&#8221;6px&#8221; button_font=&#8221;Noto Sans|600|||||||&#8221; button_use_icon=&#8221;off&#8221; global_colors_info=&#8221;{}&#8221;][\/et_pb_button][\/et_pb_column][\/et_pb_row][\/et_pb_section][et_pb_section fb_built=&#8221;1&#8243; admin_label=&#8221;Feature&#8221; _builder_version=&#8221;4.22.0&#8243; _module_preset=&#8221;default&#8221; overflow-x=&#8221;hidden&#8221; overflow-y=&#8221;hidden&#8221; custom_padding=&#8221;||5px|||&#8221; collapsed=&#8221;on&#8221; global_colors_info=&#8221;{}&#8221;][et_pb_row _builder_version=&#8221;4.22.0&#8243; _module_preset=&#8221;default&#8221; custom_padding=&#8221;18px||3px|||&#8221; global_colors_info=&#8221;{}&#8221;][et_pb_column type=&#8221;4_4&#8243; _builder_version=&#8221;4.22.0&#8243; _module_preset=&#8221;default&#8221; global_colors_info=&#8221;{}&#8221;][et_pb_text _builder_version=&#8221;4.27.4&#8243; _module_preset=&#8221;68db6b17-343d-4a9c-aa45-d05e7de47953&#8243; header_font=&#8221;Noto Sans||||||||&#8221; header_2_font=&#8221;Noto Serif|700|||||||&#8221; header_2_line_height=&#8221;1.1em&#8221; custom_margin=&#8221;||10px||false|false&#8221; global_colors_info=&#8221;{}&#8221;]<\/p>\n<h2>Salamaviestin vastaanottoon<\/h2>\n<p>[\/et_pb_text][\/et_pb_column][\/et_pb_row][et_pb_row column_structure=&#8221;2_3,1_3&#8243; _builder_version=&#8221;4.22.0&#8243; _module_preset=&#8221;default&#8221; custom_padding=&#8221;8px||5px|||&#8221; global_colors_info=&#8221;{}&#8221;][et_pb_column type=&#8221;2_3&#8243; _builder_version=&#8221;4.22.0&#8243; _module_preset=&#8221;default&#8221; global_colors_info=&#8221;{}&#8221;][et_pb_text _builder_version=&#8221;4.27.4&#8243; _module_preset=&#8221;468d42e8-4b36-4ce3-9bf5-f06a7f5ed26f&#8221; text_font=&#8221;Noto Sans|300|||||||&#8221; global_colors_info=&#8221;{}&#8221;]<\/p>\n<p><strong>Salamaviesti<\/strong> on Luottopostin palvelu, joka<strong> mahdollistaa asiakkaiden henkil\u00f6tietojen, asiakirjojen, hakemusten ja ilmoittautumisten vastaanoton salatusti ja helposti.<\/strong> Palvelu toimii osoitteen ja koodin avulla ilman kirjautumista tai s\u00e4hk\u00f6postin tietoturvariskej\u00e4.<\/p>\n<p><strong>Salamaviesti on tehty yrityksien ja yhdistyksien tarpeeseen saada asiakkaalta arkaluonteisia tietoja turvallisesti.<\/strong> N\u00e4it\u00e4 ovat esimerkiksi vuokrasopimuksiin tai muihin sopimuksiin henkil\u00f6- ja yhteystiedot ja asiakirjat, valtakirjat, hakemukset, uusien j\u00e4senien henkil\u00f6tiedot tai muuttuneet yhteystiedot. N\u00e4iss\u00e4 kaikissa on asiakkaan tietoja, jotka pit\u00e4\u00e4 GDPR-asetuksen mukaisesti l\u00e4hett\u00e4\u00e4 salattuna tietona. Salamaviestill\u00e4 tiedot salataan koko matkan p\u00e4\u00e4st\u00e4 p\u00e4\u00e4h\u00e4n asti. Asiakas voi l\u00e4hett\u00e4\u00e4 luottamuksellisia tietoja suoraan oikealle henkil\u00f6lle turvallisesti, nopeasti ja vaivattomasti.<\/p>\n<p>Luottopostin Salamaviestien <strong>tietoturva on verkkopankkitasoa<\/strong>. Palvelut ovat <strong>k\u00e4ytett\u00e4viss\u00e4 24\/7<\/strong>. Kaikki Luottopostin l\u00e4hetykset s\u00e4ilyv\u00e4t 14 vrk l\u00e4hetyshetkest\u00e4 lukien, jonka j\u00e4lkeen ne poistetaan.<\/p>\n<p>[\/et_pb_text][\/et_pb_column][et_pb_column type=&#8221;1_3&#8243; _builder_version=&#8221;4.22.0&#8243; _module_preset=&#8221;default&#8221; global_colors_info=&#8221;{}&#8221;][et_pb_image src=&#8221;https:\/\/www.luottoposti.fi\/wp-content\/uploads\/2026\/01\/IMG_7924-1.jpeg&#8221; alt=&#8221;Salamaviestill\u00e4 tiedot turvallisesti asiakkaalta yrityksellesi.&#8221; title_text=&#8221;Salamaviestill\u00e4 tiedot turvallisesti asiakkaalta yrityksellesi.ile,Phone,At,Home,Stock,Photo&#8221; show_bottom_space=&#8221;off&#8221; align=&#8221;right&#8221; _builder_version=&#8221;4.27.6&#8243; _module_preset=&#8221;default&#8221; custom_margin=&#8221;|0px||0px|false|false&#8221; border_radii=&#8221;on|6px|6px|6px|6px&#8221; global_colors_info=&#8221;{}&#8221;][\/et_pb_image][\/et_pb_column][\/et_pb_row][\/et_pb_section][et_pb_section fb_built=&#8221;1&#8243; admin_label=&#8221;Feature&#8221; _builder_version=&#8221;4.22.0&#8243; _module_preset=&#8221;default&#8221; custom_margin=&#8221;||9px|||&#8221; custom_padding=&#8221;10px||0px|||&#8221; collapsed=&#8221;on&#8221; global_colors_info=&#8221;{}&#8221;][et_pb_row _builder_version=&#8221;4.22.0&#8243; _module_preset=&#8221;default&#8221; custom_padding=&#8221;26px||3px|||&#8221; global_colors_info=&#8221;{}&#8221;][et_pb_column type=&#8221;4_4&#8243; _builder_version=&#8221;4.22.0&#8243; _module_preset=&#8221;default&#8221; global_colors_info=&#8221;{}&#8221;][et_pb_text _builder_version=&#8221;4.27.4&#8243; _module_preset=&#8221;68db6b17-343d-4a9c-aa45-d05e7de47953&#8243; header_font=&#8221;Noto Sans||||||||&#8221; header_2_font=&#8221;Noto Serif|700|||||||&#8221; header_2_line_height=&#8221;1.1em&#8221; custom_margin=&#8221;||10px||false|false&#8221; global_colors_info=&#8221;{}&#8221;]<\/p>\n<h2>N\u00e4in Salamaviesti toimii<\/h2>\n<p>[\/et_pb_text][\/et_pb_column][\/et_pb_row][et_pb_row column_structure=&#8221;1_4,1_4,1_4,1_4&#8243; _builder_version=&#8221;4.24.2&#8243; _module_preset=&#8221;default&#8221; global_colors_info=&#8221;{}&#8221;][et_pb_column type=&#8221;1_4&#8243; _builder_version=&#8221;4.24.2&#8243; _module_preset=&#8221;default&#8221; global_colors_info=&#8221;{}&#8221;][et_pb_blurb image=&#8221;https:\/\/www.luottoposti.fi\/wp-content\/uploads\/2025\/11\/Kuva1.png&#8221; alt=&#8221;Luottoposti luo nettiosoitteen ja koodin Salamaviestiin.&#8221; _builder_version=&#8221;4.27.4&#8243; _module_preset=&#8221;default&#8221; header_font=&#8221;Noto Serif|700|||||||&#8221; header_font_size=&#8221;23px&#8221; header_line_height=&#8221;1.3em&#8221; body_font=&#8221;Noto Sans|300|||||||&#8221; body_text_color=&#8221;#000000&#8243; background_enable_image=&#8221;off&#8221; custom_padding=&#8221;1px||1px||false|false&#8221; border_radii_image=&#8221;on|6px|6px|6px|6px&#8221; global_colors_info=&#8221;{}&#8221;][\/et_pb_blurb][\/et_pb_column][et_pb_column type=&#8221;1_4&#8243; _builder_version=&#8221;4.24.2&#8243; _module_preset=&#8221;default&#8221; global_colors_info=&#8221;{}&#8221;][et_pb_blurb image=&#8221;https:\/\/www.luottoposti.fi\/wp-content\/uploads\/2025\/11\/Kuva2.png&#8221; alt=&#8221;Asiakas saa yksil\u00f6llisen koodin viestien l\u00e4hett\u00e4miseen.&#8221; _builder_version=&#8221;4.27.4&#8243; _module_preset=&#8221;default&#8221; header_font=&#8221;Noto Serif|700|||||||&#8221; header_font_size=&#8221;23px&#8221; header_line_height=&#8221;1.3em&#8221; body_font=&#8221;Noto Sans|300|||||||&#8221; body_text_color=&#8221;#000000&#8243; background_enable_image=&#8221;off&#8221; custom_margin=&#8221;||-3px|||&#8221; custom_padding=&#8221;1px||1px||false|false&#8221; child_filter_brightness=&#8221;99%&#8221; child_filter_contrast=&#8221;85%&#8221; border_radii_image=&#8221;on|6px|6px|6px|6px&#8221; global_colors_info=&#8221;{}&#8221;][\/et_pb_blurb][\/et_pb_column][et_pb_column type=&#8221;1_4&#8243; _builder_version=&#8221;4.24.2&#8243; _module_preset=&#8221;default&#8221; global_colors_info=&#8221;{}&#8221;][et_pb_blurb image=&#8221;https:\/\/www.luottoposti.fi\/wp-content\/uploads\/2025\/11\/Kuva4.png&#8221; alt=&#8221;Tietojen ja asiakirjojen salattu l\u00e4hetys.&#8221; _builder_version=&#8221;4.27.4&#8243; _module_preset=&#8221;default&#8221; header_font=&#8221;Noto Serif|700|||||||&#8221; header_font_size=&#8221;23px&#8221; header_line_height=&#8221;1.3em&#8221; body_font=&#8221;Noto Sans|300|||||||&#8221; body_text_color=&#8221;#000000&#8243; background_enable_image=&#8221;off&#8221; custom_padding=&#8221;1px||1px||false|false&#8221; child_filter_brightness=&#8221;99%&#8221; child_filter_contrast=&#8221;85%&#8221; border_radii_image=&#8221;on|6px|6px|6px|6px&#8221; global_colors_info=&#8221;{}&#8221;][\/et_pb_blurb][\/et_pb_column][et_pb_column type=&#8221;1_4&#8243; _builder_version=&#8221;4.24.2&#8243; _module_preset=&#8221;default&#8221; global_colors_info=&#8221;{}&#8221;][et_pb_blurb image=&#8221;https:\/\/www.luottoposti.fi\/wp-content\/uploads\/2025\/11\/Kuva3.png&#8221; alt=&#8221;Ilmoitus uudesta viestist\u00e4 ja sen turvallinen avaaminen.&#8221; _builder_version=&#8221;4.27.4&#8243; _module_preset=&#8221;default&#8221; header_font=&#8221;Noto Serif|700|||||||&#8221; header_font_size=&#8221;23px&#8221; header_line_height=&#8221;1.3em&#8221; body_font=&#8221;Noto Sans|300|||||||&#8221; body_text_color=&#8221;#000000&#8243; background_enable_image=&#8221;off&#8221; custom_padding=&#8221;1px||1px||false|false&#8221; child_filter_brightness=&#8221;99%&#8221; child_filter_contrast=&#8221;85%&#8221; border_radii_image=&#8221;on|6px|6px|6px|6px&#8221; global_colors_info=&#8221;{}&#8221;][\/et_pb_blurb][\/et_pb_column][\/et_pb_row][\/et_pb_section][et_pb_section fb_built=&#8221;1&#8243; admin_label=&#8221;Products&#8221; _builder_version=&#8221;4.27.4&#8243; _module_preset=&#8221;default&#8221; min_height=&#8221;330px&#8221; custom_margin=&#8221;1px||1px||false|false&#8221; custom_padding=&#8221;2px||2px||false|false&#8221; collapsed=&#8221;on&#8221; global_colors_info=&#8221;{}&#8221;][et_pb_row _builder_version=&#8221;4.22.0&#8243; _module_preset=&#8221;default&#8221; custom_padding=&#8221;19px||0px|||&#8221; global_colors_info=&#8221;{}&#8221;][et_pb_column type=&#8221;4_4&#8243; _builder_version=&#8221;4.22.0&#8243; _module_preset=&#8221;default&#8221; global_colors_info=&#8221;{}&#8221;][et_pb_text _builder_version=&#8221;4.27.4&#8243; _module_preset=&#8221;68db6b17-343d-4a9c-aa45-d05e7de47953&#8243; header_font=&#8221;Noto Sans||||||||&#8221; header_2_font=&#8221;Noto Serif|700|||||||&#8221; header_2_line_height=&#8221;1.1em&#8221; custom_margin=&#8221;||10px||false|false&#8221; global_colors_info=&#8221;{}&#8221;]<\/p>\n<h2>Salamaviesti &#8211; nopea ja tehokas<\/h2>\n<p>[\/et_pb_text][\/et_pb_column][\/et_pb_row][et_pb_row _builder_version=&#8221;4.22.0&#8243; _module_preset=&#8221;default&#8221; custom_margin=&#8221;16px|auto|18px|auto||&#8221; custom_padding=&#8221;9px||8px|||&#8221; global_colors_info=&#8221;{}&#8221;][et_pb_column type=&#8221;4_4&#8243; _builder_version=&#8221;4.22.0&#8243; _module_preset=&#8221;default&#8221; global_colors_info=&#8221;{}&#8221;][et_pb_text _builder_version=&#8221;4.27.4&#8243; _module_preset=&#8221;468d42e8-4b36-4ce3-9bf5-f06a7f5ed26f&#8221; text_font=&#8221;Noto Sans|300|||||||&#8221; global_colors_info=&#8221;{}&#8221;]<\/p>\n<h3><strong>Salamaviestin hy\u00f6tyj\u00e4<\/strong><\/h3>\n<p>Salamaviestill\u00e4 <strong>tietojen siirto<\/strong> tapahtuu suojattuna ja salattuna nopeasti. Yhden Salamaviestin l\u00e4hetys on yht\u00e4 <strong>edullinen<\/strong> kuin yhden Luottopostin l\u00e4hetys.\u00a0Salamaviestin l\u00e4hetys tuo <strong>kustannuss\u00e4\u00e4st\u00f6j\u00e4<\/strong> kuten paperin, tulostamisen, postituksen ja arkistoinnin kustannuksia. Verkossa tapahtuva tietojen siirto <strong>nopeuttaa proseseja, s\u00e4\u00e4st\u00e4\u00e4 aikaa, vaivaa ja rahaa. <\/strong><\/p>\n<p>Asiakkaan ei tarvitse kirjautua j\u00e4rjestelm\u00e4\u00e4n, kun l\u00e4hett\u00e4\u00e4 Salamaviestin. Organisaation ty\u00f6ntekij\u00e4t saavat omat koodit ilman erillist\u00e4 korvausta. K\u00e4ytt\u00e4j\u00e4kohtainen koodi m\u00e4\u00e4ritt\u00e4\u00e4 kenelle Salamaviesti l\u00e4hetet\u00e4\u00e4n. Salamaviestin saa avattua s\u00e4hk\u00f6postin ja salasanan yhdistelm\u00e4ll\u00e4.<\/p>\n<p>[\/et_pb_text][et_pb_text _builder_version=&#8221;4.27.4&#8243; _module_preset=&#8221;468d42e8-4b36-4ce3-9bf5-f06a7f5ed26f&#8221; text_font=&#8221;Noto Sans|300|||||||&#8221; global_colors_info=&#8221;{}&#8221;]<\/p>\n<h2><span style=\"color: #ff0000;\"><a style=\"color: #ff0000;\" href=\"https:\/\/www.luottoposti.fi\/\"><strong>Palaa salatun s\u00e4hk\u00f6postin sivulle t\u00e4st\u00e4<\/strong><\/a><\/span><\/h2>\n<p>[\/et_pb_text][\/et_pb_column][\/et_pb_row][\/et_pb_section]<\/p>\n","protected":false},"excerpt":{"rendered":"<p>Luottopostin Salamaviestill\u00e4 asiakkaasi l\u00e4hett\u00e4\u00e4 sinulle salatulla viestill\u00e4 henkil\u00f6tietoja ja muita salassapidett\u00e4vi\u00e4 asiakirjoja. Salamaviesti toimii helposti ja nopeasti.<\/p>","protected":false},"author":3,"featured_media":5646,"parent":0,"menu_order":0,"comment_status":"closed","ping_status":"closed","template":"","meta":{"_et_pb_use_builder":"on","_et_pb_old_content":"","_et_gb_content_width":"","iawp_total_views":0,"footnotes":""},"class_list":["post-5233","page","type-page","status-publish","has-post-thumbnail","hentry"],"yoast_head":"<!-- This site is optimized with the Yoast SEO plugin v27.6 - https:\/\/yoast.com\/product\/yoast-seo-wordpress\/ -->\n<title>https:\/\/www.luottoposti.fi\/salamaviesti\/<\/title>\n<meta name=\"description\" content=\"Luottopostin Salamaviestill\u00e4 l\u00e4het\u00e4t ja vastaanotat luottamukselliset henkil\u00f6tiedot ja salassapidett\u00e4v\u00e4t tiedot turvallisesti.\" \/>\n<meta name=\"robots\" content=\"index, follow, max-snippet:-1, max-image-preview:large, max-video-preview:-1\" \/>\n<link rel=\"canonical\" href=\"https:\/\/www.luottoposti.fi\/en\/salamaviesti\/\" \/>\n<meta property=\"og:locale\" content=\"en_GB\" \/>\n<meta property=\"og:type\" content=\"article\" \/>\n<meta property=\"og:title\" content=\"Luottopostin\u2122 s\u00e4hk\u00f6inen allekirjoitus\" \/>\n<meta property=\"og:description\" content=\"Luottopostin\u2122 salattu s\u00e4hk\u00f6posti ja luotettava s\u00e4hk\u00f6inen allekirjoitus takaavat asiakirjasi tietoturvallisen l\u00e4hett\u00e4misen salattuna alusta loppuun asti. Luottoposti on suomalainen tietoturvapalvelu.\" \/>\n<meta property=\"og:url\" content=\"https:\/\/www.luottoposti.fi\/en\/salamaviesti\/\" \/>\n<meta property=\"og:site_name\" content=\"Salattu suojattu s\u00e4hk\u00f6posti www.Luottoposti.fi\" \/>\n<meta property=\"article:publisher\" content=\"https:\/\/www.facebook.com\/Luottoposti\" \/>\n<meta property=\"article:modified_time\" content=\"2026-04-04T11:23:48+00:00\" \/>\n<meta property=\"og:image\" content=\"https:\/\/www.luottoposti.fi\/wp-content\/uploads\/2023\/06\/IMG_4048-scaled.jpeg\" \/>\n\t<meta property=\"og:image:width\" content=\"2560\" \/>\n\t<meta property=\"og:image:height\" content=\"1705\" \/>\n\t<meta property=\"og:image:type\" content=\"image\/jpeg\" \/>\n<meta name=\"twitter:card\" content=\"summary_large_image\" \/>\n<meta name=\"twitter:title\" content=\"Luottopostin\u2122 s\u00e4hk\u00f6inen allekirjoitus\" \/>\n<meta name=\"twitter:description\" content=\"Luottopostin\u2122 salattu s\u00e4hk\u00f6posti ja luotettava s\u00e4hk\u00f6inen allekirjoitus takaavat asiakirjasi tietoturvallisen l\u00e4hett\u00e4misen salattuna alusta loppuun asti. Luottoposti on suomalainen tietoturvapalvelu.\" \/>\n<meta name=\"twitter:image\" content=\"https:\/\/www.luottoposti.fi\/wp-content\/uploads\/2023\/06\/IMG_4048-scaled.jpeg\" \/>\n<meta name=\"twitter:label1\" content=\"Estimated reading time\" \/>\n\t<meta name=\"twitter:data1\" content=\"5 minutes\" \/>\n<script type=\"application\/ld+json\" class=\"yoast-schema-graph\">{\"@context\":\"https:\\\/\\\/schema.org\",\"@graph\":[{\"@type\":\"WebPage\",\"@id\":\"https:\\\/\\\/www.luottoposti.fi\\\/salamaviesti\\\/\",\"url\":\"https:\\\/\\\/www.luottoposti.fi\\\/salamaviesti\\\/\",\"name\":\"https:\\\/\\\/www.luottoposti.fi\\\/salamaviesti\\\/\",\"isPartOf\":{\"@id\":\"https:\\\/\\\/www.luottoposti.fi\\\/#website\"},\"primaryImageOfPage\":{\"@id\":\"https:\\\/\\\/www.luottoposti.fi\\\/salamaviesti\\\/#primaryimage\"},\"image\":{\"@id\":\"https:\\\/\\\/www.luottoposti.fi\\\/salamaviesti\\\/#primaryimage\"},\"thumbnailUrl\":\"https:\\\/\\\/www.luottoposti.fi\\\/wp-content\\\/uploads\\\/2026\\\/01\\\/IMG_7924-1.jpeg\",\"datePublished\":\"2025-11-17T09:16:53+00:00\",\"dateModified\":\"2026-04-04T11:23:48+00:00\",\"description\":\"Luottopostin Salamaviestill\u00e4 l\u00e4het\u00e4t ja vastaanotat luottamukselliset henkil\u00f6tiedot ja salassapidett\u00e4v\u00e4t tiedot turvallisesti.\",\"breadcrumb\":{\"@id\":\"https:\\\/\\\/www.luottoposti.fi\\\/salamaviesti\\\/#breadcrumb\"},\"inLanguage\":\"en-GB\",\"potentialAction\":[{\"@type\":\"ReadAction\",\"target\":[\"https:\\\/\\\/www.luottoposti.fi\\\/salamaviesti\\\/\"]}]},{\"@type\":\"ImageObject\",\"inLanguage\":\"en-GB\",\"@id\":\"https:\\\/\\\/www.luottoposti.fi\\\/salamaviesti\\\/#primaryimage\",\"url\":\"https:\\\/\\\/www.luottoposti.fi\\\/wp-content\\\/uploads\\\/2026\\\/01\\\/IMG_7924-1.jpeg\",\"contentUrl\":\"https:\\\/\\\/www.luottoposti.fi\\\/wp-content\\\/uploads\\\/2026\\\/01\\\/IMG_7924-1.jpeg\",\"width\":1000,\"height\":667,\"caption\":\"Salamaviestill\u00e4 saat tiedot turvallisesti asiakkaalta yrityksellesi.\"},{\"@type\":\"BreadcrumbList\",\"@id\":\"https:\\\/\\\/www.luottoposti.fi\\\/salamaviesti\\\/#breadcrumb\",\"itemListElement\":[{\"@type\":\"ListItem\",\"position\":1,\"name\":\"Etusivu\",\"item\":\"https:\\\/\\\/www.luottoposti.fi\\\/\"},{\"@type\":\"ListItem\",\"position\":2,\"name\":\"Salamaviesti\"}]},{\"@type\":\"WebSite\",\"@id\":\"https:\\\/\\\/www.luottoposti.fi\\\/#website\",\"url\":\"https:\\\/\\\/www.luottoposti.fi\\\/\",\"name\":\"Salattu suojattu s\u00e4hk\u00f6posti www.Luottoposti.fi\",\"description\":\"Luottoposti on suomalainen salattu suojattu s\u00e4hk\u00f6posti\",\"publisher\":{\"@id\":\"https:\\\/\\\/www.luottoposti.fi\\\/#organization\"},\"alternateName\":\"\u26a1Luottoposti\u2122\",\"potentialAction\":[{\"@type\":\"SearchAction\",\"target\":{\"@type\":\"EntryPoint\",\"urlTemplate\":\"https:\\\/\\\/www.luottoposti.fi\\\/?s={search_term_string}\"},\"query-input\":{\"@type\":\"PropertyValueSpecification\",\"valueRequired\":true,\"valueName\":\"search_term_string\"}}],\"inLanguage\":\"en-GB\"},{\"@type\":\"Organization\",\"@id\":\"https:\\\/\\\/www.luottoposti.fi\\\/#organization\",\"name\":\"ABCnet Oy\",\"alternateName\":\"Luottoposti\",\"url\":\"https:\\\/\\\/www.luottoposti.fi\\\/\",\"logo\":{\"@type\":\"ImageObject\",\"inLanguage\":\"en-GB\",\"@id\":\"https:\\\/\\\/www.luottoposti.fi\\\/#\\\/schema\\\/logo\\\/image\\\/\",\"url\":\"https:\\\/\\\/migrate.luottoposti.fi\\\/wp-content\\\/uploads\\\/2021\\\/12\\\/abcnet_square.jpg\",\"contentUrl\":\"https:\\\/\\\/migrate.luottoposti.fi\\\/wp-content\\\/uploads\\\/2021\\\/12\\\/abcnet_square.jpg\",\"width\":1090,\"height\":1090,\"caption\":\"ABCnet Oy\"},\"image\":{\"@id\":\"https:\\\/\\\/www.luottoposti.fi\\\/#\\\/schema\\\/logo\\\/image\\\/\"},\"sameAs\":[\"https:\\\/\\\/www.facebook.com\\\/Luottoposti\"]}]}<\/script>\n<!-- \/ Yoast SEO plugin. -->","yoast_head_json":{"title":"https:\/\/www.luottoposti.fi\/salamaviesti\/","description":"Luottopostin Salamaviestill\u00e4 l\u00e4het\u00e4t ja vastaanotat luottamukselliset henkil\u00f6tiedot ja salassapidett\u00e4v\u00e4t tiedot turvallisesti.","robots":{"index":"index","follow":"follow","max-snippet":"max-snippet:-1","max-image-preview":"max-image-preview:large","max-video-preview":"max-video-preview:-1"},"canonical":"https:\/\/www.luottoposti.fi\/en\/salamaviesti\/","og_locale":"en_GB","og_type":"article","og_title":"Luottopostin\u2122 s\u00e4hk\u00f6inen allekirjoitus","og_description":"Luottopostin\u2122 salattu s\u00e4hk\u00f6posti ja luotettava s\u00e4hk\u00f6inen allekirjoitus takaavat asiakirjasi tietoturvallisen l\u00e4hett\u00e4misen salattuna alusta loppuun asti. Luottoposti on suomalainen tietoturvapalvelu.","og_url":"https:\/\/www.luottoposti.fi\/en\/salamaviesti\/","og_site_name":"Salattu suojattu s\u00e4hk\u00f6posti www.Luottoposti.fi","article_publisher":"https:\/\/www.facebook.com\/Luottoposti","article_modified_time":"2026-04-04T11:23:48+00:00","og_image":[{"width":2560,"height":1705,"url":"https:\/\/www.luottoposti.fi\/wp-content\/uploads\/2023\/06\/IMG_4048-scaled.jpeg","type":"image\/jpeg"}],"twitter_card":"summary_large_image","twitter_title":"Luottopostin\u2122 s\u00e4hk\u00f6inen allekirjoitus","twitter_description":"Luottopostin\u2122 salattu s\u00e4hk\u00f6posti ja luotettava s\u00e4hk\u00f6inen allekirjoitus takaavat asiakirjasi tietoturvallisen l\u00e4hett\u00e4misen salattuna alusta loppuun asti. Luottoposti on suomalainen tietoturvapalvelu.","twitter_image":"https:\/\/www.luottoposti.fi\/wp-content\/uploads\/2023\/06\/IMG_4048-scaled.jpeg","twitter_misc":{"Estimated reading time":"5 minutes"},"schema":{"@context":"https:\/\/schema.org","@graph":[{"@type":"WebPage","@id":"https:\/\/www.luottoposti.fi\/salamaviesti\/","url":"https:\/\/www.luottoposti.fi\/salamaviesti\/","name":"https:\/\/www.luottoposti.fi\/salamaviesti\/","isPartOf":{"@id":"https:\/\/www.luottoposti.fi\/#website"},"primaryImageOfPage":{"@id":"https:\/\/www.luottoposti.fi\/salamaviesti\/#primaryimage"},"image":{"@id":"https:\/\/www.luottoposti.fi\/salamaviesti\/#primaryimage"},"thumbnailUrl":"https:\/\/www.luottoposti.fi\/wp-content\/uploads\/2026\/01\/IMG_7924-1.jpeg","datePublished":"2025-11-17T09:16:53+00:00","dateModified":"2026-04-04T11:23:48+00:00","description":"Luottopostin Salamaviestill\u00e4 l\u00e4het\u00e4t ja vastaanotat luottamukselliset henkil\u00f6tiedot ja salassapidett\u00e4v\u00e4t tiedot turvallisesti.","breadcrumb":{"@id":"https:\/\/www.luottoposti.fi\/salamaviesti\/#breadcrumb"},"inLanguage":"en-GB","potentialAction":[{"@type":"ReadAction","target":["https:\/\/www.luottoposti.fi\/salamaviesti\/"]}]},{"@type":"ImageObject","inLanguage":"en-GB","@id":"https:\/\/www.luottoposti.fi\/salamaviesti\/#primaryimage","url":"https:\/\/www.luottoposti.fi\/wp-content\/uploads\/2026\/01\/IMG_7924-1.jpeg","contentUrl":"https:\/\/www.luottoposti.fi\/wp-content\/uploads\/2026\/01\/IMG_7924-1.jpeg","width":1000,"height":667,"caption":"Salamaviestill\u00e4 saat tiedot turvallisesti asiakkaalta yrityksellesi."},{"@type":"BreadcrumbList","@id":"https:\/\/www.luottoposti.fi\/salamaviesti\/#breadcrumb","itemListElement":[{"@type":"ListItem","position":1,"name":"Etusivu","item":"https:\/\/www.luottoposti.fi\/"},{"@type":"ListItem","position":2,"name":"Salamaviesti"}]},{"@type":"WebSite","@id":"https:\/\/www.luottoposti.fi\/#website","url":"https:\/\/www.luottoposti.fi\/","name":"Salattu suojattu s\u00e4hk\u00f6posti www.Luottoposti.fi","description":"Luottoposti on suomalainen salattu suojattu s\u00e4hk\u00f6posti","publisher":{"@id":"https:\/\/www.luottoposti.fi\/#organization"},"alternateName":"\u26a1Luottoposti\u2122","potentialAction":[{"@type":"SearchAction","target":{"@type":"EntryPoint","urlTemplate":"https:\/\/www.luottoposti.fi\/?s={search_term_string}"},"query-input":{"@type":"PropertyValueSpecification","valueRequired":true,"valueName":"search_term_string"}}],"inLanguage":"en-GB"},{"@type":"Organization","@id":"https:\/\/www.luottoposti.fi\/#organization","name":"ABCnet Oy","alternateName":"Luottoposti","url":"https:\/\/www.luottoposti.fi\/","logo":{"@type":"ImageObject","inLanguage":"en-GB","@id":"https:\/\/www.luottoposti.fi\/#\/schema\/logo\/image\/","url":"https:\/\/migrate.luottoposti.fi\/wp-content\/uploads\/2021\/12\/abcnet_square.jpg","contentUrl":"https:\/\/migrate.luottoposti.fi\/wp-content\/uploads\/2021\/12\/abcnet_square.jpg","width":1090,"height":1090,"caption":"ABCnet Oy"},"image":{"@id":"https:\/\/www.luottoposti.fi\/#\/schema\/logo\/image\/"},"sameAs":["https:\/\/www.facebook.com\/Luottoposti"]}]}},"_links":{"self":[{"href":"https:\/\/www.luottoposti.fi\/en\/wp-json\/wp\/v2\/pages\/5233","targetHints":{"allow":["GET"]}}],"collection":[{"href":"https:\/\/www.luottoposti.fi\/en\/wp-json\/wp\/v2\/pages"}],"about":[{"href":"https:\/\/www.luottoposti.fi\/en\/wp-json\/wp\/v2\/types\/page"}],"author":[{"embeddable":true,"href":"https:\/\/www.luottoposti.fi\/en\/wp-json\/wp\/v2\/users\/3"}],"replies":[{"embeddable":true,"href":"https:\/\/www.luottoposti.fi\/en\/wp-json\/wp\/v2\/comments?post=5233"}],"version-history":[{"count":2,"href":"https:\/\/www.luottoposti.fi\/en\/wp-json\/wp\/v2\/pages\/5233\/revisions"}],"predecessor-version":[{"id":6197,"href":"https:\/\/www.luottoposti.fi\/en\/wp-json\/wp\/v2\/pages\/5233\/revisions\/6197"}],"wp:featuredmedia":[{"embeddable":true,"href":"https:\/\/www.luottoposti.fi\/en\/wp-json\/wp\/v2\/media\/5646"}],"wp:attachment":[{"href":"https:\/\/www.luottoposti.fi\/en\/wp-json\/wp\/v2\/media?parent=5233"}],"curies":[{"name":"wp","href":"https:\/\/api.w.org\/{rel}","templated":true}]}}